{"id":5399,"date":"2021-12-14T13:11:06","date_gmt":"2021-12-14T13:11:06","guid":{"rendered":"https:\/\/rimoly.delsurca.com\/portal\/?page_id=5399"},"modified":"2022-01-20T14:46:37","modified_gmt":"2022-01-20T14:46:37","slug":"carrito","status":"publish","type":"page","link":"https:\/\/rimoly.delsurca.com\/portal\/carrito\/","title":{"rendered":"Carrito"},"content":{"rendered":"\t\t<div data-elementor-type=\"wp-page\" data-elementor-id=\"5399\" class=\"elementor elementor-5399\" data-elementor-settings=\"[]\">\n\t\t\t\t\t\t<div class=\"elementor-inner\">\n\t\t\t\t\t\t\t<div class=\"elementor-section-wrap\">\n\t\t\t\t\t\t\t<section class=\"elementor-section elementor-top-section elementor-element elementor-element-16eeb3e elementor-section-boxed elementor-section-height-default elementor-section-height-default\" data-id=\"16eeb3e\" data-element_type=\"section\">\n\t\t\t\t\t\t<div class=\"elementor-container elementor-column-gap-default\">\n\t\t\t\t\t\t\t<div class=\"elementor-row\">\n\t\t\t\t\t<div class=\"elementor-column elementor-col-100 elementor-top-column elementor-element elementor-element-09429ef\" data-id=\"09429ef\" data-element_type=\"column\">\n\t\t\t<div class=\"elementor-column-wrap elementor-element-populated\">\n\t\t\t\t\t\t\t<div class=\"elementor-widget-wrap\">\n\t\t\t\t\t\t<div class=\"elementor-element elementor-element-a23abbc animated-slow elementor-widget elementor-widget-heading\" data-id=\"a23abbc\" data-element_type=\"widget\" data-settings=\"{&quot;_animation&quot;:&quot;none&quot;,&quot;_animation_delay&quot;:100}\" data-widget_type=\"heading.default\">\n\t\t\t\t<div class=\"elementor-widget-container\">\n\t\t\t<h2 class=\"elementor-heading-title elementor-size-default\">Carrito<\/h2>\t\t<\/div>\n\t\t\t\t<\/div>\n\t\t\t\t<div class=\"elementor-element elementor-element-5fbff02 elementor-widget elementor-widget-heading\" data-id=\"5fbff02\" data-element_type=\"widget\" data-widget_type=\"heading.default\">\n\t\t\t\t<div class=\"elementor-widget-container\">\n\t\t\t<h2 class=\"elementor-heading-title elementor-size-default\">Est\u00e1 muy cerca de completar tu compra<\/h2>\t\t<\/div>\n\t\t\t\t<\/div>\n\t\t\t\t\t\t<\/div>\n\t\t\t\t\t<\/div>\n\t\t<\/div>\n\t\t\t\t\t\t\t\t<\/div>\n\t\t\t\t\t<\/div>\n\t\t<\/section>\n\t\t\t\t\t\t<\/div>\n\t\t\t\t\t\t<\/div>\n\t\t\t\t\t<\/div>\n\t\t","protected":false},"excerpt":{"rendered":"<p>Carrito Est\u00e1 muy cerca de completar tu compra &nbsp; &nbsp; Producto Precio Cantidad Subtotal &times; Caf\u00e9 Rimoly &#36;10.00 Caf\u00e9 Rimoly cantidad &#36;60.00 Actualizar Aplicar cup\u00f3n Total del carrito Subtotal &#36;60.00 Total &#36;60.00 Proceder con el pago<\/p>\n","protected":false},"author":1,"featured_media":0,"parent":0,"menu_order":0,"comment_status":"closed","ping_status":"closed","template":"elementor_header_footer","meta":[],"_links":{"self":[{"href":"https:\/\/rimoly.delsurca.com\/portal\/wp-json\/wp\/v2\/pages\/5399"}],"collection":[{"href":"https:\/\/rimoly.delsurca.com\/portal\/wp-json\/wp\/v2\/pages"}],"about":[{"href":"https:\/\/rimoly.delsurca.com\/portal\/wp-json\/wp\/v2\/types\/page"}],"author":[{"embeddable":true,"href":"https:\/\/rimoly.delsurca.com\/portal\/wp-json\/wp\/v2\/users\/1"}],"replies":[{"embeddable":true,"href":"https:\/\/rimoly.delsurca.com\/portal\/wp-json\/wp\/v2\/comments?post=5399"}],"version-history":[{"count":0,"href":"https:\/\/rimoly.delsurca.com\/portal\/wp-json\/wp\/v2\/pages\/5399\/revisions"}],"wp:attachment":[{"href":"https:\/\/rimoly.delsurca.com\/portal\/wp-json\/wp\/v2\/media?parent=5399"}],"curies":[{"name":"wp","href":"https:\/\/api.w.org\/{rel}","templated":true}]}}